{"id":99668,"date":"2023-01-23T18:08:34","date_gmt":"2023-01-23T18:08:34","guid":{"rendered":"https:\/\/taqueriachilangos.com\/?page_id=99668"},"modified":"2023-08-31T21:10:29","modified_gmt":"2023-08-31T21:10:29","slug":"contacto","status":"publish","type":"page","link":"https:\/\/taqueriachilangos.com\/index.php\/contacto\/","title":{"rendered":"Contacto Chilangos"},"content":{"rendered":"<section class=\"wpb-content-wrapper\"><section data-vc-full-width=\"true\" data-vc-full-width-init=\"false\" data-vc-stretch-content=\"true\" class=\"vc_row wpb_row vc_row-fluid  vc_custom_1675562823471   hongo-stretch-content vc_row-no-padding hongo-stretch-content-fluid vc_row-o-equal-height vc_row-o-content-top vc_row-flex  hongo_responsive_1675562823472\"><div class=\"wpb_column vc_column_container vc_col-sm-12 vc_col-lg-8 vc_col-md-7 vc_col-xs-12\"><div class=\"vc_column-inner\"><div class=\"wpb_wrapper\"><div class=\"vc_row wpb_row vc_inner vc_row-fluid\"><div class=\"wpb_column vc_column_container vc_col-has-fill vc_col-sm-12 vc_col-xs-12\"><div class=\"vc_column-inner cover-background bg-position-center-top vc_custom_1675567516314  hongo_responsive_1675567516317\" style=\"z-index:1;  min-height: 850px;\"><div class=\"wpb_wrapper\"><\/div><\/div><\/div><\/div><div class=\"vc_row wpb_row vc_inner vc_row-fluid\"><div class=\"wpb_column vc_column_container col-xs-mobile-fullwidth vc_col-sm-12 sm-text-center xs-text-center\"><div class=\"vc_column-inner vc_custom_1564046653542  hongo_responsive_1564046653546\"><div class=\"wpb_wrapper\"><div class=\"alt-font heading-style-2 vc_custom_1675488206509  hongo_responsive_1675488206511 heading-1 hongo-section-heading hongo_font_1675488206509\">contact<\/div><\/div><\/div><\/div><\/div><\/div><\/div><\/div><div class=\"wpb_column vc_column_container vc_col-has-fill col-xs-mobile-fullwidth vc_col-sm-12 vc_col-lg-4 vc_col-md-5\"><div class=\"vc_column-inner vc_custom_1675488333219  hongo_responsive_1675488333222\"><div class=\"wpb_wrapper\"><div class=\"separator-style-2 vc_custom_1675563456060  hongo_responsive_1675563456061 separator-style2-1\"><\/div><div class=\"alt-font heading-style-3 vc_custom_1675563589223  hongo_responsive_1675563589224 heading-2 hongo-section-heading hongo_font_1675563589222\">Para nosotros el poder ayudarte es lo m\u00e1s Chido<\/div><div class=\"hongo-featurebox-wrap hongo-product-featurebox vc_custom_1675568561907  hongo_responsive_1675568561909 icon-text-style-4 equal_height_disable icon_text4-1\"><div class=\"hongo-featurebox-wrapper\"><div class=\"hongo-featurebox-img\"><i class=\"base-color ti-email icon-medium\"><\/i><\/div><div class=\"hongo-featurebox-text hongo_font_1675568561902 alt-font\">Correo electr\u00f3nico<\/div><div class=\"sub-title hongo_font_1675568561904\">info.chilangos@gmail.com<\/div><\/div><\/div><div class=\"hongo-featurebox-wrap hongo-product-featurebox vc_custom_1675799344514  hongo_responsive_1675799344515 icon-text-style-4 equal_height_disable icon_text4-2\"><div class=\"hongo-featurebox-wrapper\"><div class=\"hongo-featurebox-img\"><i class=\"base-color ti-headphone-alt icon-medium\"><\/i><\/div><div class=\"hongo-featurebox-text hongo_font_1675799344509 alt-font\">Numero de telefono<\/div><div class=\"sub-title hongo_font_1675799344511\">+ 1-800-222-000 <br \/> Lunes - Viernes: 1:00pm - 7:00pm<\/div><\/div><\/div><div class=\"hongo-featurebox-wrap hongo-product-featurebox vc_custom_1675799315017  hongo_responsive_1675799315019 icon-text-style-4 equal_height_disable icon_text4-3\"><div class=\"hongo-featurebox-wrapper\"><div class=\"hongo-featurebox-img\"><i class=\"base-color ti-timer icon-medium\"><\/i><\/div><div class=\"hongo-featurebox-text hongo_font_1675799315011 alt-font\">Horarios de atenci\u00f3n<\/div><div class=\"sub-title hongo_font_1675799315014\">Lunes \u2013 Domingo: <br \/>01:00pm \u2013 01:30am<\/div><\/div><\/div><div  class=\"hongo-social-links social-icon-style-1 social-icon-1\"><ul class=\"very-small-icon\"><li><a class=\"facebook-f\" target=\"_blank\" href=\"http:\/\/www.facebook.com\"><i class=\"fa-brands fa-facebook-f\"><\/i><\/a><\/li><li><a class=\"instagram\" target=\"_blank\" href=\"http:\/\/www.instagram.com\/taqueria.chilangos\"><i class=\"fa-brands fa-instagram\"><\/i><\/a><\/li><li><a class=\"envelope\" target=\"_blank\" href=\"http:\/\/info.chilangos@gmail.com\"><i class=\"fa-solid fa-envelope\"><\/i><\/a><\/li><\/ul><\/div><\/div><\/div><\/div><\/section><div class=\"vc_row-full-width vc_clearfix\"><\/div>\n<\/section>","protected":false},"excerpt":{"rendered":"contactPara nosotros el poder ayudarte es lo m\u00e1s ChidoCorreo electr\u00f3nicoinfo.chilangos@gmail.comNumero de telefono+ 1-800-222-000 Lunes - Viernes: 1:00pm - 7:00pmHorarios de atenci\u00f3nLunes \u2013 Domingo: 01:00pm \u2013 01:30am","protected":false},"author":1,"featured_media":0,"parent":0,"menu_order":0,"comment_status":"closed","ping_status":"closed","template":"","meta":{"footnotes":""},"class_list":["post-99668","page","type-page","status-publish","hentry"],"_links":{"self":[{"href":"https:\/\/taqueriachilangos.com\/index.php\/wp-json\/wp\/v2\/pages\/99668","targetHints":{"allow":["GET"]}}],"collection":[{"href":"https:\/\/taqueriachilangos.com\/index.php\/wp-json\/wp\/v2\/pages"}],"about":[{"href":"https:\/\/taqueriachilangos.com\/index.php\/wp-json\/wp\/v2\/types\/page"}],"author":[{"embeddable":true,"href":"https:\/\/taqueriachilangos.com\/index.php\/wp-json\/wp\/v2\/users\/1"}],"replies":[{"embeddable":true,"href":"https:\/\/taqueriachilangos.com\/index.php\/wp-json\/wp\/v2\/comments?post=99668"}],"version-history":[{"count":23,"href":"https:\/\/taqueriachilangos.com\/index.php\/wp-json\/wp\/v2\/pages\/99668\/revisions"}],"predecessor-version":[{"id":100548,"href":"https:\/\/taqueriachilangos.com\/index.php\/wp-json\/wp\/v2\/pages\/99668\/revisions\/100548"}],"wp:attachment":[{"href":"https:\/\/taqueriachilangos.com\/index.php\/wp-json\/wp\/v2\/media?parent=99668"}],"curies":[{"name":"wp","href":"https:\/\/api.w.org\/{rel}","templated":true}]}}