{"id":49113,"date":"2018-06-08T08:54:24","date_gmt":"2018-06-08T08:54:24","guid":{"rendered":"https:\/\/hongo.themezaa.com\/sports\/?page_id=6"},"modified":"2024-01-11T23:15:25","modified_gmt":"2024-01-11T23:15:25","slug":"home-es","status":"publish","type":"page","link":"https:\/\/taqueriachilangos.com\/index.php\/home-es\/","title":{"rendered":"Home espa\u00f1ol"},"content":{"rendered":"<section class=\"wpb-content-wrapper\"><section data-vc-full-width=\"true\" data-vc-full-width-init=\"false\" data-vc-stretch-content=\"true\" class=\"vc_row wpb_row vc_row-fluid  vc_custom_1674495468469   cover-background hongo-stretch-content vc_row-no-padding hongo-stretch-content-fluid vc_row-o-equal-height vc_row-o-content-middle vc_row-flex\"><div class=\"wpb_column vc_column_container col-xs-mobile-fullwidth vc_col-sm-12\"><div class=\"vc_column-inner\"><div class=\"wpb_wrapper\">[rev_slider_vc alias=\u00bbBanner-principal-chilangos\u00bb]<\/div><\/div><\/div><\/section><div class=\"vc_row-full-width vc_clearfix\"><\/div><section class=\"vc_row wpb_row vc_row-fluid      hongo_responsive_1674594674944\"><div class=\"wpb_column vc_column_container vc_col-has-fill position-relative col-xs-mobile-fullwidth vc_col-sm-12 vc_hidden-sm vc_hidden-xs xs-clear-both\" data-clear-both=\"xs-clear-both\"><div class=\"vc_column-inner vc_custom_1674506367397\"><div class=\"wpb_wrapper\">[vc_images_carousel images=\u00bb99656,99655,99654&#8243; img_size=\u00bbfull\u00bb onclick=\u00bbcustom_link\u00bb speed=\u00bb\u00bb slides_per_view=\u00bb3&#8243; autoplay=\u00bbyes\u00bb hide_pagination_control=\u00bbyes\u00bb hide_prev_next_buttons=\u00bbyes\u00bb custom_links=\u00bb#E-8_d3d3LnRhcXVlcmlhY2hpbGFuZ29zLmNvbSUyRmluZGV4LnBocCUyRnRyYWJhamEtY29uLW5vc290cm9zJTJDaHR0cHMlM0ElMkYlMkZ0YXF1ZXJpYWNoaWxhbmdvcy5jb20lMkZpbmRleC5waHAlMkZtZW51LWVzJTJGJTJDaHR0cHMlM0ElMkYlMkZ0YXF1ZXJpYWNoaWxhbmdvcy5jb20lMkZpbmRleC5waHAlMkZob21lLWVzJTJG\u00bb css=\u00bb.vc_custom_1705014706313{padding-top: -30px !important;}\u00bb]<\/div><\/div><\/div><\/section><section data-vc-full-width=\"true\" data-vc-full-width-init=\"false\" data-vc-stretch-content=\"true\" class=\"vc_row wpb_row vc_row-fluid  vc_custom_1674594858095   wow fadeIn hongo-stretch-content vc_row-no-padding hongo-stretch-content-fluid vc_row-o-equal-height vc_row-o-content-bottom vc_row-flex  hongo_responsive_1674594858097\"><div class=\"wpb_column vc_column_container vc_col-has-fill vc_col-sm-12 vc_col-lg-6 vc_hidden-sm vc_col-xs-12 vc_hidden-xs wow fadeInLeft\" data-wow-delay= 100ms data-wow-duration= 1200ms><div class=\"vc_column-inner cover-background vc_custom_1673969182937\"><div class=\"wpb_wrapper\"><div class=\"shop-banner-unique-1 cover-background hongo-shop-banner-1  hongo_responsive_1705014847261 right-side-product\"><div class=\"hongo-shop-banner-content\"><div class=\"shop-banner-sub-title hongo_font_1705014847253 alt-font\">NUEVOS<\/div><div class=\"shop-banner-title hongo_font_1705014847251 alt-font\">COMBOS DEL MES<\/div><a class=\"hongo_button_1705014847250 btn alt-font btn-medium\" href=\"https:\/\/taqueriachilangos.com\/index.php\/menu-es\/\" target=\"_self\">VER M\u00c1S<\/a><\/div><\/div><\/div><\/div><\/div><div class=\"wpb_column vc_column_container vc_col-has-fill vc_col-sm-6 vc_col-lg-3 vc_hidden-sm vc_col-xs-12 vc_hidden-xs wow fadeInRight text-center\" data-wow-delay= 200ms data-wow-duration= 1200ms><div class=\"vc_column-inner cover-background vc_custom_1673969190699\"><div class=\"wpb_wrapper\"><div class=\"shop-banner-unique-2 hongo-shop-banner-16  hongo_responsive_1676093781774\"><div class=\"shop-banner-wrapper\"><div class=\"shop-banner-title hongo_font_1676093781762 alt-font\"><br \/> BIEN CHIDAS<\/div><a href=\"https:\/\/taqueriachilangos.com\/index.php\/bebidas\/\" target=\"_self\" class=\"hongo_button_1676093781761 btn btn-white alt-font btn-medium\">VER M\u00c1S<\/a><\/div><\/div><\/div><\/div><\/div><div class=\"wpb_column vc_column_container vc_col-has-fill vc_col-sm-6 vc_col-lg-3 vc_hidden-sm vc_col-xs-12 vc_hidden-xs wow fadeInRight text-center\"><div class=\"vc_column-inner cover-background vc_custom_1673970700576  hongo_responsive_1673970700578\"><div class=\"wpb_wrapper\"><div class=\"shop-banner-unique-3 cover-background hongo-shop-banner-16 vc_custom_1682096755207  hongo_responsive_1682096755210 center-side-product\"><div class=\"shop-banner-wrapper\"><a href=\"https:\/\/taqueriachilangos.com\/index.php\/nuestra-historia\/\" target=\"_self\" class=\"hongo_button_1682096755197 btn btn-black alt-font btn-medium\">VER M\u00c1S<\/a><\/div><\/div><\/div><\/div><\/div><\/section><div class=\"vc_row-full-width vc_clearfix\"><\/div><section data-vc-full-width=\"true\" data-vc-full-width-init=\"false\" data-vc-stretch-content=\"true\" class=\"vc_row wpb_row vc_row-fluid  vc_custom_1674589399658   wow fadeIn hongo-stretch-content vc_row-no-padding hongo-stretch-content-fluid vc_row-o-equal-height vc_row-o-content-bottom vc_row-flex\"><div class=\"wpb_column vc_column_container vc_col-has-fill vc_col-sm-12 vc_col-lg-6 vc_hidden-lg vc_hidden-md vc_col-xs-12 wow fadeInLeft\" data-wow-delay= 100ms data-wow-duration= 1200ms><div class=\"vc_column-inner cover-background vc_custom_1673969209789\"><div class=\"wpb_wrapper\"><div class=\"shop-banner-unique-4 cover-background hongo-shop-banner-1  hongo_responsive_1705014907121 right-side-product\"><div class=\"hongo-shop-banner-content\"><div class=\"shop-banner-sub-title hongo_font_1705014907111 alt-font\">NUEVOS<\/div><div class=\"shop-banner-title hongo_font_1705014907109 alt-font\">COMBOS DEL MES<\/div><a class=\"hongo_button_1705014907108 btn alt-font btn-medium\" href=\"https:\/\/taqueriachilangos.com\/index.php\/menu-es\/\" target=\"_self\">VER M\u00c1S<\/a><\/div><\/div><\/div><\/div><\/div><div class=\"wpb_column vc_column_container vc_col-sm-6 vc_col-lg-3 vc_hidden-lg vc_hidden-md vc_col-xs-12 wow fadeInRight text-center\" data-wow-delay= 200ms data-wow-duration= 1200ms><div class=\"vc_column-inner cover-background vc_custom_1674589525076\"><div class=\"wpb_wrapper\"><div class=\"shop-banner-unique-5 hongo-shop-banner-1 vc_custom_1676093795639 center-side-product\"><div class=\"hongo-shop-banner-content\"><div class=\"shop-banner-sub-title alt-font\"><br \/> <br \/><\/div><div class=\"shop-banner-title hongo_font_1676093795632 alt-font\"><br \/><\/div><a class=\"hongo_button_1676093795631 btn alt-font btn-medium\" href=\"https:\/\/taqueriachilangos.com\/index.php\/bebidas\/\" target=\"_self\">VER M\u00c1S<\/a><\/div><\/div><\/div><\/div><\/div><div class=\"wpb_column vc_column_container vc_col-sm-6 vc_col-lg-3 vc_hidden-lg vc_hidden-md vc_col-xs-12 text-center\"><div class=\"vc_column-inner cover-background vc_custom_1674589535205\"><div class=\"wpb_wrapper\"><div class=\"shop-banner-unique-6 cover-background hongo-shop-banner-16 vc_custom_1705014919634  hongo_responsive_1705014919637 center-side-product\"><div class=\"shop-banner-wrapper\"><a href=\"https:\/\/taqueriachilangos.com\/index.php\/nuestra-historia\/\" target=\"_self\" class=\"hongo_button_1705014919627 btn btn-black alt-font btn-medium\">VER M\u00c1S<\/a><\/div><\/div><\/div><\/div><\/div><\/section><div class=\"vc_row-full-width vc_clearfix\"><\/div><section data-vc-full-width=\"true\" data-vc-full-width-init=\"false\" class=\"vc_row wpb_row vc_row-fluid     wow fadeIn hongo-stretch-content hongo-stretch-row-container  hongo_responsive_1674593880200\"><div class=\"wpb_column vc_column_container col-xs-mobile-fullwidth vc_col-sm-12 text-center\"><div class=\"vc_column-inner\"><div class=\"wpb_wrapper\"><div class=\"vc_row wpb_row vc_inner vc_row-fluid   vc_row-o-equal-height vc_row-o-content-middle vc_row-flex wow fadeIn\"><div class=\"wpb_column vc_column_container col-xs-mobile-fullwidth vc_col-sm-3 text-center md-text-center sm-text-center xs-text-center sm-display-inline xs-display-inline\"><div class=\"vc_column-inner vc_custom_1674589634986  hongo_responsive_1674589634989\"><div class=\"wpb_wrapper\"><div class=\"hongo-featurebox-wrap hongo-product-featurebox hongo-product-featurebox-2 product_featurebox2-1\"><div class=\"hongo-featurebox-wrapper\"><div class=\"hongo-featurebox-img\"><i class=\"et-mobile icon-medium\"><\/i><\/div><div class=\"hongo-featurebox-text alt-font\">UNA TAQUER\u00cdA DIGITAL<\/div><\/div><\/div><\/div><\/div><\/div><div class=\"wpb_column vc_column_container col-xs-mobile-fullwidth vc_col-sm-3 vc_hidden-sm vc_hidden-xs text-center md-text-center sm-text-center xs-text-center sm-display-inline xs-display-inline\"><div class=\"vc_column-inner\"><div class=\"wpb_wrapper\"><div class=\"hongo-featurebox-wrap hongo-product-featurebox hongo-product-featurebox-2 product_featurebox2-2\"><div class=\"hongo-featurebox-wrapper\"><div class=\"hongo-featurebox-img\"><i class=\"et-map icon-medium\"><\/i><\/div><div class=\"hongo-featurebox-text alt-font\">DELIVERY<\/div><\/div><\/div><\/div><\/div><\/div><div class=\"wpb_column vc_column_container col-xs-mobile-fullwidth vc_col-sm-3 vc_hidden-sm vc_hidden-xs text-center md-text-center sm-text-center xs-text-center sm-display-inline xs-display-inline\"><div class=\"vc_column-inner\"><div class=\"wpb_wrapper\"><div class=\"hongo-featurebox-wrap hongo-product-featurebox hongo-product-featurebox-2 product_featurebox2-3\"><div class=\"hongo-featurebox-wrapper\"><div class=\"hongo-featurebox-img\"><i class=\"et-gift icon-medium\"><\/i><\/div><div class=\"hongo-featurebox-text alt-font\">SORPRENDE CON SABOR MEXICANO<\/div><\/div><\/div><\/div><\/div><\/div><div class=\"wpb_column vc_column_container col-xs-mobile-fullwidth vc_col-sm-3 vc_hidden-sm vc_hidden-xs text-center md-text-center sm-text-center xs-text-center sm-display-inline xs-display-inline\"><div class=\"vc_column-inner\"><div class=\"wpb_wrapper\"><div class=\"hongo-featurebox-wrap hongo-product-featurebox vc_custom_1674589307569 hongo-product-featurebox-2 product_featurebox2-4\"><div class=\"hongo-featurebox-wrapper\"><div class=\"hongo-featurebox-img\"><i class=\"et-shield icon-medium\"><\/i><\/div><div class=\"hongo-featurebox-text alt-font\">SEGURIDAD EN TUS PEDIDOS<\/div><\/div><\/div><\/div><\/div><\/div><\/div><\/div><\/div><\/div><\/section><div class=\"vc_row-full-width vc_clearfix\"><\/div><section class=\"vc_row wpb_row vc_row-fluid  vc_custom_1674594307894   bg-position-left-center vc_row-has-fill\"><div class=\"wpb_column vc_column_container col-xs-mobile-fullwidth vc_col-sm-12\"><div class=\"vc_column-inner\"><div class=\"wpb_wrapper\"><\/div><\/div><\/div><\/section>\n<\/section>","protected":false},"excerpt":{"rendered":"[rev_slider_vc alias=\"Banner-principal-chilangos\"][vc_images_carousel images=\"99656,99655,99654\" img_size=\"full\" onclick=\"custom_link\" speed=\"\" slides_per_view=\"3\" autoplay=\"yes\" hide_pagination_control=\"yes\" hide_prev_next_buttons=\"yes\" custom_links=\"#E-8_d3d3LnRhcXVlcmlhY2hpbGFuZ29zLmNvbSUyRmluZGV4LnBocCUyRnRyYWJhamEtY29uLW5vc290cm9zJTJDaHR0cHMlM0ElMkYlMkZ0YXF1ZXJpYWNoaWxhbmdvcy5jb20lMkZpbmRleC5waHAlMkZtZW51LWVzJTJGJTJDaHR0cHMlM0ElMkYlMkZ0YXF1ZXJpYWNoaWxhbmdvcy5jb20lMkZpbmRleC5waHAlMkZob21lLWVzJTJG\" css=\".vc_custom_1705014706313{padding-top: -30px !important;}\"]NUEVOSCOMBOS DEL MESVER M\u00c1S BIEN CHIDASVER M\u00c1SVER M\u00c1SNUEVOSCOMBOS DEL MESVER M\u00c1S VER M\u00c1SVER M\u00c1SUNA TAQUER\u00cdA DIGITALDELIVERYSORPRENDE CON SABOR MEXICANOSEGURIDAD EN TUS PEDIDOS","protected":false},"author":1,"featured_media":0,"parent":0,"menu_order":0,"comment_status":"closed","ping_status":"closed","template":"","meta":{"footnotes":""},"class_list":["post-49113","page","type-page","status-publish","hentry"],"_links":{"self":[{"href":"https:\/\/taqueriachilangos.com\/index.php\/wp-json\/wp\/v2\/pages\/49113","targetHints":{"allow":["GET"]}}],"collection":[{"href":"https:\/\/taqueriachilangos.com\/index.php\/wp-json\/wp\/v2\/pages"}],"about":[{"href":"https:\/\/taqueriachilangos.com\/index.php\/wp-json\/wp\/v2\/types\/page"}],"author":[{"embeddable":true,"href":"https:\/\/taqueriachilangos.com\/index.php\/wp-json\/wp\/v2\/users\/1"}],"replies":[{"embeddable":true,"href":"https:\/\/taqueriachilangos.com\/index.php\/wp-json\/wp\/v2\/comments?post=49113"}],"version-history":[{"count":45,"href":"https:\/\/taqueriachilangos.com\/index.php\/wp-json\/wp\/v2\/pages\/49113\/revisions"}],"predecessor-version":[{"id":100580,"href":"https:\/\/taqueriachilangos.com\/index.php\/wp-json\/wp\/v2\/pages\/49113\/revisions\/100580"}],"wp:attachment":[{"href":"https:\/\/taqueriachilangos.com\/index.php\/wp-json\/wp\/v2\/media?parent=49113"}],"curies":[{"name":"wp","href":"https:\/\/api.w.org\/{rel}","templated":true}]}}